{"id":347,"date":"2022-04-20T22:39:55","date_gmt":"2022-04-20T22:39:55","guid":{"rendered":"https:\/\/caribmarine.com\/esp\/?page_id=347"},"modified":"2022-06-16T07:09:21","modified_gmt":"2022-06-16T07:09:21","slug":"opciones-utilidad","status":"publish","type":"page","link":"https:\/\/caribmarine.com\/esp\/index.php\/opciones-utilidad\/","title":{"rendered":"Opciones de Utilidad"},"content":{"rendered":"<div class=\"\" style=\"\" >\n    \n    <section class=\"u-clearfix u-section-2\" id=\"sec-b5f1\">\n      <div class=\"u-clearfix u-sheet u-sheet-1\">\n        <img decoding=\"async\" class=\"u-image u-image-default u-preserve-proportions u-image-1\" src=\"https:\/\/caribmarine.com\/esp\/wp-content\/uploads\/2022\/04\/eng-flag-3-1-10.png\" alt=\"\" data-image-width=\"120\" data-image-height=\"72\" data-href=\"https:\/\/caribmarine.com\/\" title=\"Homepage\">\n        <img decoding=\"async\" class=\"u-image u-image-default u-preserve-proportions u-image-2\" src=\"https:\/\/caribmarine.com\/esp\/wp-content\/uploads\/2022\/04\/spa-flag-1-1-10.png\" alt=\"\" data-image-width=\"120\" data-image-height=\"72\" data-href=\"https:\/\/caribmarine.com\/esp\/\" title=\"Pagina Principal\">\n      <\/div>\n    <\/section>\n    <section class=\"u-clearfix u-grey-5 u-section-3\" id=\"sec-1cd8\">\n      <div class=\"u-clearfix u-sheet u-valign-middle u-sheet-1\">\n        <img decoding=\"async\" class=\"u-expanded-width u-image u-image-default u-image-1\" src=\"https:\/\/caribmarine.com\/esp\/wp-content\/uploads\/2022\/04\/Eduardono03.jpg\" alt=\"\" data-image-width=\"812\" data-image-height=\"388\">\n      <\/div>\n    <\/section>\n    <section class=\"u-clearfix u-grey-5 u-section-4\" id=\"sec-79b9\">\n      <div class=\"u-align-left u-clearfix u-sheet u-valign-middle u-sheet-1\">\n        <div class=\"u-container-style u-expanded-width u-group u-white u-group-1\">\n          <div class=\"u-container-layout u-valign-middle-lg u-valign-middle-md u-valign-middle-sm u-valign-middle-xs u-container-layout-1\">\n            <img decoding=\"async\" class=\"u-image u-image-default u-image-1\" src=\"https:\/\/caribmarine.com\/esp\/wp-content\/uploads\/2022\/04\/personaliza-header-1.png\" alt=\"\" data-image-width=\"625\" data-image-height=\"140\">\n          <\/div>\n        <\/div>\n      <\/div>\n    <\/section>\n    <section class=\"u-clearfix u-grey-5 u-section-5\" id=\"sec-b28a\">\n      <div class=\"u-clearfix u-sheet u-valign-middle u-sheet-1\">\n        <div class=\"u-clearfix u-expanded-width u-layout-wrap u-layout-wrap-1\">\n          <div class=\"u-layout\">\n            <div class=\"u-layout-row\">\n              <div class=\"u-container-style u-layout-cell u-size-30 u-white u-layout-cell-1\">\n                <div class=\"u-container-layout u-container-layout-1\">\n                  <div class=\"u-expanded-width u-gallery u-layout-grid u-lightbox u-no-transition u-show-text-on-hover u-gallery-1\">\n                    <div class=\"u-gallery-inner u-gallery-inner-1\">\n                      <div class=\"u-effect-fade u-gallery-item\">\n                        <div class=\"u-back-slide\" data-image-width=\"1200\" data-image-height=\"1420\">\n                          <img decoding=\"async\" class=\"u-back-image u-expanded u-image-contain\" src=\"https:\/\/caribmarine.com\/esp\/wp-content\/uploads\/2022\/04\/20210618_105006.png\">\n                        <\/div>\n                        <div class=\"u-over-slide u-shading u-over-slide-1\">\n                          <h3 class=\"u-gallery-heading\"><\/h3>\n                          <p class=\"u-gallery-text\"><\/p>\n                        <\/div>\n                      <\/div>\n                    <\/div>\n                  <\/div>\n                  <div class=\"u-expanded-width u-table u-table-responsive u-table-1\">\n                    <table class=\"u-table-entity\">\n                      <colgroup>\n                        <col width=\"39.9%\">\n                        <col width=\"60.1%\">\n                      <\/colgroup>\n                      <thead class=\"u-custom-color-2 u-table-header u-table-header-1\">\n                        <tr style=\"height: 35px;\">\n                          <th class=\"u-table-cell u-table-cell-1\">Modelo<\/th>\n                          <th class=\"u-table-cell u-table-cell-2\"> CRB\/ED-97-130129 <\/th>\n                        <\/tr>\n                      <\/thead>\n                      <tbody class=\"u-table-alt-custom-color-3 u-table-body\">\n                        <tr style=\"height: 35px;\">\n                          <td class=\"u-table-cell u-table-cell-3\"> Descripci\u00f3n<\/td>\n                          <td class=\"u-table-cell u-table-cell-4\"> Dorado Console Barracuda<\/td>\n                        <\/tr>\n                        <tr style=\"height: 34px;\">\n                          <td class=\"u-table-cell u-table-cell-5\"> El precio**<\/td>\n                          <td class=\"u-table-cell u-table-cell-6\"> US$ 3,330.25<\/td>\n                        <\/tr>\n                      <\/tbody>\n                    <\/table>\n                  <\/div>\n                <\/div>\n              <\/div>\n              <div class=\"u-container-style u-layout-cell u-size-30 u-white u-layout-cell-2\">\n                <div class=\"u-container-layout u-container-layout-2\">\n                  <div class=\"u-expanded-width u-gallery u-layout-grid u-lightbox u-no-transition u-show-text-on-hover u-gallery-2\">\n                    <div class=\"u-gallery-inner u-gallery-inner-2\">\n                      <div class=\"u-effect-fade u-gallery-item\">\n                        <div class=\"u-back-slide\" data-image-width=\"782\" data-image-height=\"1372\">\n                          <img decoding=\"async\" class=\"u-back-image u-expanded u-image-contain\" src=\"https:\/\/caribmarine.com\/esp\/wp-content\/uploads\/2022\/04\/20210618_105245.png\">\n                        <\/div>\n                        <div class=\"u-over-slide u-shading u-over-slide-2\">\n                          <h3 class=\"u-gallery-heading\"><\/h3>\n                          <p class=\"u-gallery-text\"><\/p>\n                        <\/div>\n                      <\/div>\n                    <\/div>\n                  <\/div>\n                  <div class=\"u-expanded-width u-table u-table-responsive u-table-2\">\n                    <table class=\"u-table-entity\">\n                      <colgroup>\n                        <col width=\"36.1%\">\n                        <col width=\"63.9%\">\n                      <\/colgroup>\n                      <thead class=\"u-custom-color-2 u-table-header u-table-header-2\">\n                        <tr style=\"height: 31px;\">\n                          <th class=\"u-table-cell u-table-cell-7\">Modelo<\/th>\n                          <th class=\"u-table-cell u-table-cell-8\"> CRB\/ED-97-130171 <\/th>\n                        <\/tr>\n                      <\/thead>\n                      <tbody class=\"u-table-alt-custom-color-3 u-table-body\">\n                        <tr style=\"height: 35px;\">\n                          <td class=\"u-table-cell u-table-cell-9\"> Descripci\u00f3n<\/td>\n                          <td class=\"u-table-cell u-table-cell-10\"> Dorado Console Mados Alta<\/td>\n                        <\/tr>\n                        <tr style=\"height: 27px;\">\n                          <td class=\"u-table-cell u-table-cell-11\"> El precio**<\/td>\n                          <td class=\"u-table-cell u-table-cell-12\"> US$ 1,182.13<\/td>\n                        <\/tr>\n                      <\/tbody>\n                    <\/table>\n                  <\/div>\n                <\/div>\n              <\/div>\n            <\/div>\n          <\/div>\n        <\/div>\n      <\/div>\n    <\/section>\n    <section class=\"u-clearfix u-grey-5 u-section-6\" id=\"sec-8652\">\n      <div class=\"u-clearfix u-sheet u-valign-middle u-sheet-1\">\n        <div class=\"u-clearfix u-expanded-width u-layout-wrap u-layout-wrap-1\">\n          <div class=\"u-layout\">\n            <div class=\"u-layout-row\">\n              <div class=\"u-container-style u-layout-cell u-size-30 u-white u-layout-cell-1\">\n                <div class=\"u-container-layout u-container-layout-1\">\n                  <div class=\"u-expanded-width u-gallery u-layout-grid u-lightbox u-no-transition u-show-text-on-hover u-gallery-1\">\n                    <div class=\"u-gallery-inner u-gallery-inner-1\">\n                      <div class=\"u-effect-fade u-gallery-item\">\n                        <div class=\"u-back-slide\" data-image-width=\"2049\" data-image-height=\"2433\">\n                          <img decoding=\"async\" class=\"u-back-image u-expanded u-image-contain\" src=\"https:\/\/caribmarine.com\/esp\/wp-content\/uploads\/2022\/04\/20210618_105727.png\">\n                        <\/div>\n                        <div class=\"u-over-slide u-shading u-over-slide-1\">\n                          <h3 class=\"u-gallery-heading\"><\/h3>\n                          <p class=\"u-gallery-text\"><\/p>\n                        <\/div>\n                      <\/div>\n                    <\/div>\n                  <\/div>\n                  <div class=\"u-expanded-width u-table u-table-responsive u-table-1\">\n                    <table class=\"u-table-entity\">\n                      <colgroup>\n                        <col width=\"43.7%\">\n                        <col width=\"56.3%\">\n                      <\/colgroup>\n                      <thead class=\"u-custom-color-2 u-table-header u-table-header-1\">\n                        <tr style=\"height: 35px;\">\n                          <th class=\"u-table-cell u-table-cell-1\">Modelo<\/th>\n                          <th class=\"u-table-cell u-table-cell-2\"> CRB\/ED-97-025193 <\/th>\n                        <\/tr>\n                      <\/thead>\n                      <tbody class=\"u-table-alt-custom-color-3 u-table-body\">\n                        <tr style=\"height: 35px;\">\n                          <td class=\"u-table-cell u-table-cell-3\"> Descripci\u00f3n<\/td>\n                          <td class=\"u-table-cell u-table-cell-4\"> 1 person Leaning Post <\/td>\n                        <\/tr>\n                        <tr style=\"height: 33px;\">\n                          <td class=\"u-table-cell u-table-cell-5\"> El precio**<\/td>\n                          <td class=\"u-table-cell u-table-cell-6\"> US$ 1,123.88<\/td>\n                        <\/tr>\n                      <\/tbody>\n                    <\/table>\n                  <\/div>\n                <\/div>\n              <\/div>\n              <div class=\"u-container-style u-layout-cell u-size-30 u-white u-layout-cell-2\">\n                <div class=\"u-container-layout u-container-layout-2\">\n                  <div class=\"u-expanded-width u-gallery u-layout-grid u-lightbox u-no-transition u-show-text-on-hover u-gallery-2\">\n                    <div class=\"u-gallery-inner u-gallery-inner-2\">\n                      <div class=\"u-effect-fade u-gallery-item\">\n                        <div class=\"u-back-slide\" data-image-width=\"2024\" data-image-height=\"2520\">\n                          <img decoding=\"async\" class=\"u-back-image u-expanded u-image-contain\" src=\"https:\/\/caribmarine.com\/esp\/wp-content\/uploads\/2022\/04\/20210618_105053.png\">\n                        <\/div>\n                        <div class=\"u-over-slide u-shading u-over-slide-2\">\n                          <h3 class=\"u-gallery-heading\"><\/h3>\n                          <p class=\"u-gallery-text\"><\/p>\n                        <\/div>\n                      <\/div>\n                    <\/div>\n                  <\/div>\n                  <div class=\"u-expanded-width u-table u-table-responsive u-table-2\">\n                    <table class=\"u-table-entity\">\n                      <colgroup>\n                        <col width=\"40.2%\">\n                        <col width=\"59.8%\">\n                      <\/colgroup>\n                      <thead class=\"u-custom-color-2 u-table-header u-table-header-2\">\n                        <tr style=\"height: 35px;\">\n                          <th class=\"u-table-cell u-table-cell-7\">Modelo<\/th>\n                          <th class=\"u-table-cell u-table-cell-8\"> CRB\/ED-97-025175 <\/th>\n                        <\/tr>\n                      <\/thead>\n                      <tbody class=\"u-table-alt-custom-color-3 u-table-body\">\n                        <tr style=\"height: 35px;\">\n                          <td class=\"u-table-cell u-table-cell-9\"> Descripci\u00f3n<\/td>\n                          <td class=\"u-table-cell u-table-cell-10\"> 2 persons Leaning Post<\/td>\n                        <\/tr>\n                        <tr style=\"height: 25px;\">\n                          <td class=\"u-table-cell u-table-cell-11\"> El precio**<\/td>\n                          <td class=\"u-table-cell u-table-cell-12\"> US$ 1,771.00<\/td>\n                        <\/tr>\n                      <\/tbody>\n                    <\/table>\n                  <\/div>\n                <\/div>\n              <\/div>\n            <\/div>\n          <\/div>\n        <\/div>\n      <\/div>\n    <\/section>\n    <section class=\"u-clearfix u-grey-5 u-section-7\" id=\"sec-3a04\">\n      <div class=\"u-clearfix u-sheet u-sheet-1\">\n        <div class=\"u-clearfix u-expanded-width u-layout-wrap u-layout-wrap-1\">\n          <div class=\"u-layout\">\n            <div class=\"u-layout-row\">\n              <div class=\"u-container-style u-layout-cell u-size-30 u-white u-layout-cell-1\">\n                <div class=\"u-container-layout u-container-layout-1\">\n                  <div class=\"u-expanded-width u-gallery u-layout-grid u-lightbox u-no-transition u-show-text-on-hover u-gallery-1\">\n                    <div class=\"u-gallery-inner u-gallery-inner-1\">\n                      <div class=\"u-effect-fade u-gallery-item\">\n                        <div class=\"u-back-slide\" data-image-width=\"1424\" data-image-height=\"3637\">\n                          <img decoding=\"async\" class=\"u-back-image u-expanded u-image-contain\" src=\"https:\/\/caribmarine.com\/esp\/wp-content\/uploads\/2022\/04\/20210618_110243.png\">\n                        <\/div>\n                        <div class=\"u-over-slide u-shading u-over-slide-1\">\n                          <h3 class=\"u-gallery-heading\"><\/h3>\n                          <p class=\"u-gallery-text\"><\/p>\n                        <\/div>\n                      <\/div>\n                    <\/div>\n                  <\/div>\n                  <div class=\"u-expanded-width u-table u-table-responsive u-table-1\">\n                    <table class=\"u-table-entity\">\n                      <colgroup>\n                        <col width=\"43.1%\">\n                        <col width=\"56.9%\">\n                      <\/colgroup>\n                      <thead class=\"u-custom-color-2 u-table-header u-table-header-1\">\n                        <tr style=\"height: 33px;\">\n                          <th class=\"u-table-cell u-table-cell-1\">Modelo<\/th>\n                          <th class=\"u-table-cell u-table-cell-2\"> CRB\/ED-RMBENCH <\/th>\n                        <\/tr>\n                      <\/thead>\n                      <tbody class=\"u-table-alt-custom-color-3 u-table-body\">\n                        <tr style=\"height: 35px;\">\n                          <td class=\"u-table-cell u-table-cell-3\"> Descripci\u00f3n<\/td>\n                          <td class=\"u-table-cell u-table-cell-4\"> Removable Bench, 2 units<\/td>\n                        <\/tr>\n                        <tr style=\"height: 34px;\">\n                          <td class=\"u-table-cell u-table-cell-5\"> El precio**<\/td>\n                          <td class=\"u-table-cell u-table-cell-6\"> US$ 549.00<\/td>\n                        <\/tr>\n                      <\/tbody>\n                    <\/table>\n                  <\/div>\n                <\/div>\n              <\/div>\n              <div class=\"u-container-style u-layout-cell u-size-30 u-white u-layout-cell-2\">\n                <div class=\"u-container-layout u-container-layout-2\">\n                  <div class=\"u-expanded-width u-gallery u-layout-grid u-lightbox u-no-transition u-show-text-on-hover u-gallery-2\">\n                    <div class=\"u-gallery-inner u-gallery-inner-2\">\n                      <div class=\"u-effect-fade u-gallery-item\">\n                        <div class=\"u-back-slide\" data-image-width=\"500\" data-image-height=\"253\">\n                          <img decoding=\"async\" class=\"u-back-image u-expanded u-image-contain\" src=\"https:\/\/caribmarine.com\/esp\/wp-content\/uploads\/2022\/04\/60545.jpg\">\n                        <\/div>\n                        <div class=\"u-over-slide u-shading u-over-slide-2\">\n                          <h3 class=\"u-gallery-heading\"><\/h3>\n                          <p class=\"u-gallery-text\"><\/p>\n                        <\/div>\n                      <\/div>\n                    <\/div>\n                  <\/div>\n                  <div class=\"u-expanded-width u-table u-table-responsive u-table-2\">\n                    <table class=\"u-table-entity\">\n                      <colgroup>\n                        <col width=\"41.2%\">\n                        <col width=\"58.8%\">\n                      <\/colgroup>\n                      <thead class=\"u-custom-color-2 u-table-header u-table-header-2\">\n                        <tr style=\"height: 28px;\">\n                          <th class=\"u-table-cell u-table-cell-7\">Modelo<\/th>\n                          <th class=\"u-table-cell u-table-cell-8\"> TOH\/3KYQ63000-0 <\/th>\n                        <\/tr>\n                      <\/thead>\n                      <tbody class=\"u-table-alt-custom-color-3 u-table-body\">\n                        <tr style=\"height: 48px;\">\n                          <td class=\"u-table-cell u-table-cell-9\"> Descripci\u00f3n<\/td>\n                          <td class=\"u-table-cell u-table-cell-10\"> Multi Function for Tohatsu outboard engines MFS40\/50A<\/td>\n                        <\/tr>\n                        <tr style=\"height: 28px;\">\n                          <td class=\"u-table-cell u-table-cell-11\"> El precio**<\/td>\n                          <td class=\"u-table-cell u-table-cell-12\"> US$ 3,330.25<\/td>\n                        <\/tr>\n                      <\/tbody>\n                    <\/table>\n                  <\/div>\n                <\/div>\n              <\/div>\n            <\/div>\n          <\/div>\n        <\/div>\n      <\/div>\n    <\/section>\n    <section class=\"u-clearfix u-grey-15 u-section-8\" id=\"sec-5389\">\n      <div class=\"u-clearfix u-sheet u-valign-middle u-sheet-1\">\n        <div class=\"u-clearfix u-expanded-width u-layout-wrap u-layout-wrap-1\">\n          <div class=\"u-layout\">\n            <div class=\"u-layout-row\">\n              <div class=\"u-container-style u-layout-cell u-size-30 u-layout-cell-1\">\n                <div class=\"u-container-layout u-valign-bottom-sm u-valign-bottom-xs u-container-layout-1\">\n                  <div class=\"u-expanded-width-sm u-expanded-width-xs u-gallery u-layout-grid u-lightbox u-no-transition u-show-text-on-hover u-gallery-1\">\n                    <div class=\"u-gallery-inner u-gallery-inner-1\">\n                      <div class=\"u-effect-fade u-gallery-item\">\n                        <div class=\"u-back-slide\" data-image-width=\"1074\" data-image-height=\"590\">\n                          <img decoding=\"async\" class=\"u-back-image u-expanded u-image-contain\" src=\"https:\/\/caribmarine.com\/esp\/wp-content\/uploads\/2022\/04\/flooring01.png\">\n                        <\/div>\n                        <div class=\"u-over-slide u-shading u-over-slide-1\">\n                          <h3 class=\"u-gallery-heading\"><\/h3>\n                          <p class=\"u-gallery-text\"><\/p>\n                        <\/div>\n                      <\/div>\n                    <\/div>\n                  <\/div>\n                <\/div>\n              <\/div>\n              <div class=\"u-container-style u-layout-cell u-size-30 u-layout-cell-2\">\n                <div class=\"u-container-layout u-container-layout-2\">\n                  <h2 class=\"u-text u-text-custom-color-4 u-text-default u-text-1\"> Opciones de suelo<\/h2>\n                  <p class=\"u-text u-text-2\"> Carib Marine ofrece una amplia selecci\u00f3n de opciones de pisos. P\u00f3ngase en contacto con nosotros para obtener m\u00e1s informaci\u00f3n y un presupuesto personalizado.<\/p>\n                <\/div>\n              <\/div>\n            <\/div>\n          <\/div>\n        <\/div>\n      <\/div>\n    <\/section>\n    <section class=\"u-clearfix u-grey-5 u-section-9\" id=\"sec-1ad0\">\n      <div class=\"u-clearfix u-sheet u-valign-middle u-sheet-1\">\n        <div class=\"u-clearfix u-expanded-width u-layout-wrap u-white u-layout-wrap-1\">\n          <div class=\"u-layout\" style=\"\">\n            <div class=\"u-layout-row\" style=\"\">\n              <div class=\"u-container-style u-layout-cell u-size-30 u-layout-cell-1\">\n                <div class=\"u-container-layout u-valign-middle-xs u-container-layout-1\">\n                  <p class=\"u-text u-text-1\"> ** El precio de la \"Lista de San Mart\u00edn\" se basa en el precio\nde etiqueta en San Mart\u00edn. Debido a los impuestos y aranceles locales, los\nprecios en nuestras distintas ubicaciones pueden diferir del precio de\ncat\u00e1logo, y podemos explicarle las diferencias. Todas las localizaciones del\nGrupo Budget Marine se comprometen a ofrecerle el mejor precio posible. Los\nyates en tr\u00e1nsito, los clientes de exportaci\u00f3n y los no residentes que presenten\nuna prueba de esta condici\u00f3n pueden solicitar los precios de \u200bSan Mart\u00edn Offshore.<\/p>\n                <\/div>\n              <\/div>\n              <div class=\"u-container-style u-hidden-sm u-hidden-xs u-layout-cell u-size-30 u-layout-cell-2\">\n                <div class=\"u-container-layout u-container-layout-2\"><\/div>\n              <\/div>\n            <\/div>\n          <\/div>\n        <\/div>\n      <\/div>\n    <\/section>\n    \n    \n    \n  \n<\/div>","protected":false},"excerpt":{"rendered":"<p>Modelo CRB\/ED-97-130129 Descripci\u00f3n Dorado Console Barracuda El precio** US$ 3,330.25 Modelo CRB\/ED-97-130171 Descripci\u00f3n Dorado Console Mados Alta El precio** US$ 1,182.13 Modelo CRB\/ED-97-025193 Descripci\u00f3n 1 person Leaning Post El precio** US$ 1,123.88 Modelo CRB\/ED-97-025175 Descripci\u00f3n 2 persons Leaning Post El precio** US$ 1,771.00 Modelo CRB\/ED-RMBENCH Descripci\u00f3n Removable Bench, 2 units El precio** US$ 549.00 Modelo&#8230;<\/p>\n","protected":false},"author":3,"featured_media":0,"parent":0,"menu_order":0,"comment_status":"closed","ping_status":"closed","template":"","meta":{"footnotes":""},"class_list":["post-347","page","type-page","status-publish","hentry"],"_links":{"self":[{"href":"https:\/\/caribmarine.com\/esp\/index.php\/wp-json\/wp\/v2\/pages\/347","targetHints":{"allow":["GET"]}}],"collection":[{"href":"https:\/\/caribmarine.com\/esp\/index.php\/wp-json\/wp\/v2\/pages"}],"about":[{"href":"https:\/\/caribmarine.com\/esp\/index.php\/wp-json\/wp\/v2\/types\/page"}],"author":[{"embeddable":true,"href":"https:\/\/caribmarine.com\/esp\/index.php\/wp-json\/wp\/v2\/users\/3"}],"replies":[{"embeddable":true,"href":"https:\/\/caribmarine.com\/esp\/index.php\/wp-json\/wp\/v2\/comments?post=347"}],"version-history":[{"count":4,"href":"https:\/\/caribmarine.com\/esp\/index.php\/wp-json\/wp\/v2\/pages\/347\/revisions"}],"predecessor-version":[{"id":595,"href":"https:\/\/caribmarine.com\/esp\/index.php\/wp-json\/wp\/v2\/pages\/347\/revisions\/595"}],"wp:attachment":[{"href":"https:\/\/caribmarine.com\/esp\/index.php\/wp-json\/wp\/v2\/media?parent=347"}],"curies":[{"name":"wp","href":"https:\/\/api.w.org\/{rel}","templated":true}]}}