{"id":320,"date":"2022-04-20T21:31:44","date_gmt":"2022-04-20T21:31:44","guid":{"rendered":"https:\/\/caribmarine.com\/esp\/?page_id=320"},"modified":"2022-04-22T14:59:03","modified_gmt":"2022-04-22T14:59:03","slug":"inflables","status":"publish","type":"page","link":"https:\/\/caribmarine.com\/esp\/index.php\/inflables\/","title":{"rendered":"Inflables"},"content":{"rendered":"<div class=\"\" style=\"\" >\n    \n    <section class=\"u-clearfix u-section-2\" id=\"sec-dcb2\">\n      <div class=\"u-clearfix u-sheet u-sheet-1\">\n        <img decoding=\"async\" class=\"u-image u-image-default u-preserve-proportions u-image-1\" src=\"https:\/\/caribmarine.com\/esp\/wp-content\/uploads\/2022\/04\/eng-flag-3-1-1-5.png\" alt=\"\" data-image-width=\"120\" data-image-height=\"72\" data-href=\"https:\/\/caribmarine.com\/\" title=\"Homepage\">\n        <img decoding=\"async\" class=\"u-image u-image-default u-preserve-proportions u-image-2\" src=\"https:\/\/caribmarine.com\/esp\/wp-content\/uploads\/2022\/04\/spa-flag-1-1-1-5.png\" alt=\"\" data-image-width=\"120\" data-image-height=\"72\" data-href=\"https:\/\/caribmarine.com\/esp\/\" title=\"Pagina Principal\">\n      <\/div>\n    <\/section>\n    <section class=\"u-clearfix u-grey-5 u-section-3\" id=\"sec-d037\">\n      <div class=\"u-clearfix u-image u-sheet u-image-1\" data-image-width=\"1496\" data-image-height=\"687\" style=\"background-image: url(&quot;https:\/\/caribmarine.com\/esp\/wp-content\/uploads\/2022\/04\/sea-view-rib.jpg&quot;);\"><\/div>\n    <\/section>\n    <section class=\"u-clearfix u-grey-5 u-section-4\" id=\"sec-bf9b\">\n      <div class=\"u-clearfix u-sheet u-valign-middle-lg u-sheet-1\">\n        <div class=\"u-custom-color-3 u-expanded-height-md u-expanded-width-sm u-expanded-width-xs u-shape u-shape-rectangle u-shape-1\"><\/div>\n        <ul class=\"u-text u-text-custom-color-4 u-text-1\">\n          <li> Excelente resistencia al ozono, a los rayos UV\ny a la resistencia al clima<\/li>\n          <li>Resistencia al aceite, grasa y disolventes<\/li>\n          <li>Resistencia a la abrasi\u00f3n&nbsp;<\/li>\n          <li>Resistencia al impacto, corte, punci\u00f3n y otros tipos de abuso f\u00edsico&nbsp;<\/li>\n          <li>Resistencia a la decoloraci\u00f3n&nbsp;<\/li>\n          <li>Resistencia a las manchas y la suciedad<\/li>\n        <\/ul>\n        <img decoding=\"async\" class=\"u-image u-image-contain u-image-default u-image-1\" src=\"https:\/\/caribmarine.com\/esp\/wp-content\/uploads\/2022\/04\/Pennal.png\" alt=\"\" data-image-width=\"600\" data-image-height=\"191\">\n        <p class=\"u-text u-text-custom-color-3 u-text-2\"> Pennel\nOrca\u00ae 215 o 820 incorporado, material Hypalon de calidad inigualable para una\nresistencia superior y larga durabilidad<\/p>\n        <div class=\"u-expanded-width-md u-expanded-width-sm u-expanded-width-xs u-gallery u-layout-grid u-lightbox u-show-text-on-hover u-gallery-1\">\n          <div class=\"u-gallery-inner u-gallery-inner-1\">\n            <div class=\"u-effect-fade u-gallery-item\">\n              <div class=\"u-back-slide\" data-image-width=\"900\" data-image-height=\"405\">\n                <img decoding=\"async\" class=\"u-back-image u-expanded u-image-contain\" src=\"https:\/\/caribmarine.com\/esp\/wp-content\/uploads\/2022\/04\/CRB-HSR310-Front-7.png\">\n              <\/div>\n              <div class=\"u-over-slide u-shading u-over-slide-1\">\n                <h3 class=\"u-gallery-heading\"><\/h3>\n                <p class=\"u-gallery-text\"><\/p>\n              <\/div>\n            <\/div>\n          <\/div>\n        <\/div>\n        <img decoding=\"async\" class=\"u-expanded-width-xs u-image u-image-contain u-image-default u-image-2\" src=\"https:\/\/caribmarine.com\/esp\/wp-content\/uploads\/2022\/04\/ribs-header-home-spa.png\" alt=\"\" data-image-width=\"732\" data-image-height=\"140\">\n        <p class=\"u-text u-text-3\"> Los botes inflables r\u00edgidos (RIB) de Carib Marine est\u00e1n\nfabricados con una construcci\u00f3n ligera que es r\u00e1pida de planear y f\u00e1cil de\nmanejar.\nEl casco de fibra de vidrio de secci\u00f3n en V\natraviesa el oleaje y garantiza una navegaci\u00f3n agradable, estable y seca. Todos\nnuestros RIBs Carib Marine est\u00e1n fabricados con el tejido Pennel Orca\u00ae 215 u\n820, bien conocido por sus propiedades excepcionales.<\/p>\n      <\/div>\n    <\/section>\n    <section class=\"u-clearfix u-grey-15 u-section-5\" id=\"sec-fecb\">\n      <div class=\"u-clearfix u-sheet u-sheet-1\">\n        <div class=\"u-clearfix u-expanded-width u-gutter-20 u-layout-wrap u-layout-wrap-1\">\n          <div class=\"u-layout\">\n            <div class=\"u-layout-row\">\n              <div class=\"u-container-style u-layout-cell u-size-15 u-size-30-md u-white u-layout-cell-1\">\n                <div class=\"u-container-layout u-valign-bottom u-container-layout-1\">\n                  <h3 class=\"u-text u-text-custom-color-4 u-text-default u-text-1\"> Piso \u00fanico&nbsp; &nbsp;<\/h3>\n                  <img decoding=\"async\" alt=\"\" class=\"u-image u-image-contain u-image-default u-image-1\" data-image-width=\"1800\" data-image-height=\"647\" src=\"https:\/\/caribmarine.com\/esp\/wp-content\/uploads\/2022\/04\/HSR250-side.png\" data-animation-name=\"slideIn\" data-animation-duration=\"1500\" data-animation-direction=\"Left\" data-href=\"https:\/\/caribmarine.com\/esp\/index.php\/solo-piso\/\" title=\"Solo piso\">\n                  <p class=\"u-text u-text-2\"> Est\u00e1n equipados con un s\u00f3lido piso\nantideslizante y un interior espacioso para albergar mucha carga. Los c\u00e1ncamos\nintegrados del pescante vienen instalados de f\u00e1brica y estos modelos tienen\ntres puntos de elevaci\u00f3n.<\/p>\n                  <img decoding=\"async\" class=\"u-image u-image-default u-preserve-proportions u-image-2\" src=\"https:\/\/caribmarine.com\/esp\/wp-content\/uploads\/2022\/04\/Conoce-mas-8.png\" alt=\"\" data-image-width=\"168\" data-image-height=\"39\" data-href=\"https:\/\/caribmarine.com\/esp\/index.php\/solo-piso\/\" title=\"Solo piso\">\n                <\/div>\n              <\/div>\n              <div class=\"u-container-style u-layout-cell u-size-15 u-size-30-md u-white u-layout-cell-2\">\n                <div class=\"u-container-layout u-valign-bottom-md u-container-layout-2\">\n                  <h3 class=\"u-text u-text-custom-color-4 u-text-default u-text-3\"> Piso doble<\/h3>\n                  <img decoding=\"async\" alt=\"\" class=\"u-image u-image-contain u-image-default u-image-3\" data-image-width=\"1800\" data-image-height=\"970\" src=\"https:\/\/caribmarine.com\/esp\/wp-content\/uploads\/2022\/04\/HSR470-1-1.png\" data-animation-name=\"slideIn\" data-animation-duration=\"1500\" data-animation-direction=\"Left\" data-href=\"https:\/\/caribmarine.com\/esp\/index.php\/piso-doble\/\" title=\"Piso Doble\">\n                  <p class=\"u-text u-text-4\"> La quilla en V de proa pronunciada, el gran di\u00e1metro del tubo y las tracas de elevaci\u00f3n de longitud completa de esta serie garantizan una gran embarcaci\u00f3n de alta mar y una navegaci\u00f3n suave y seca.<\/p>\n                  <img decoding=\"async\" class=\"u-image u-image-default u-preserve-proportions u-image-4\" src=\"https:\/\/caribmarine.com\/esp\/wp-content\/uploads\/2022\/04\/Conoce-mas-8.png\" alt=\"\" data-image-width=\"168\" data-image-height=\"39\" data-href=\"https:\/\/caribmarine.com\/esp\/index.php\/piso-doble\/\" title=\"Piso Doble\">\n                <\/div>\n              <\/div>\n              <div class=\"u-container-style u-layout-cell u-size-15 u-size-30-md u-white u-layout-cell-3\">\n                <div class=\"u-container-layout u-container-layout-3\">\n                  <h3 class=\"u-text u-text-custom-color-4 u-text-default u-text-5\"> Piso de aluminio<\/h3>\n                  <img decoding=\"async\" alt=\"\" class=\"u-expanded-width-md u-expanded-width-sm u-expanded-width-xs u-image u-image-contain u-image-default u-image-5\" data-image-width=\"900\" data-image-height=\"405\" src=\"https:\/\/caribmarine.com\/esp\/wp-content\/uploads\/2022\/04\/CRB-HSR310-Front-8.png\" data-animation-name=\"slideIn\" data-animation-duration=\"1500\" data-animation-direction=\"Left\" data-href=\"https:\/\/caribmarine.com\/esp\/index.php\/casco-de-aluminio\/\" title=\"Casco de Hluminio\">\n                  <p class=\"u-text u-text-6\"> La serie Sea Rover de aluminio es la elecci\u00f3n perfecta para los navegantes que exigen semirr\u00edgidas ligeras combinadas con estabilidad y comodidad sin igual.<\/p>\n                  <img decoding=\"async\" class=\"u-image u-image-default u-preserve-proportions u-image-6\" src=\"https:\/\/caribmarine.com\/esp\/wp-content\/uploads\/2022\/04\/Conoce-mas-8.png\" alt=\"\" data-image-width=\"168\" data-image-height=\"39\" data-href=\"https:\/\/caribmarine.com\/esp\/index.php\/casco-de-aluminio\/\" title=\"Casco de Hluminio\">\n                <\/div>\n              <\/div>\n              <div class=\"u-container-style u-layout-cell u-size-15 u-size-30-md u-white u-layout-cell-4\">\n                <div class=\"u-container-layout u-valign-bottom-sm u-valign-bottom-xs u-container-layout-4\">\n                  <h3 class=\"u-text u-text-custom-color-4 u-text-default u-text-7\">RIBs&nbsp;plegables<br>\n                  <\/h3>\n                  <img decoding=\"async\" alt=\"\" class=\"u-expanded-width-lg u-expanded-width-xl u-expanded-width-xs u-image u-image-contain u-image-default u-image-7\" data-image-width=\"800\" data-image-height=\"475\" src=\"https:\/\/caribmarine.com\/esp\/wp-content\/uploads\/2022\/04\/HDS290-side01-2.png\" data-animation-name=\"slideIn\" data-animation-duration=\"1500\" data-animation-direction=\"Left\" data-href=\"https:\/\/caribmarine.com\/esp\/index.php\/plegables\/\" title=\"Ribs plegables\">\n                  <p class=\"u-text u-text-8\"> La serie HSD es una de las gamas m\u00e1s vendidas de tenders inflables enrollables. Su quilla inflable ofrece un seguimiento eficiente al remar, remolcar o debajo.<\/p>\n                  <img decoding=\"async\" class=\"u-image u-image-default u-preserve-proportions u-image-8\" src=\"https:\/\/caribmarine.com\/esp\/wp-content\/uploads\/2022\/04\/Conoce-mas-8.png\" alt=\"\" data-image-width=\"168\" data-image-height=\"39\" data-href=\"https:\/\/caribmarine.com\/esp\/index.php\/plegables\/\" title=\"Ribs plegables\">\n                <\/div>\n              <\/div>\n            <\/div>\n          <\/div>\n        <\/div>\n      <\/div>\n    <\/section>\n    <section class=\"u-clearfix u-grey-5 u-section-6\" id=\"sec-4089\">\n      <div class=\"u-clearfix u-sheet u-sheet-1\">\n        <div class=\"u-expanded-width u-gallery u-layout-grid u-lightbox u-show-text-on-hover u-gallery-1\">\n          <div class=\"u-gallery-inner u-gallery-inner-1\">\n            <div class=\"u-effect-fade u-gallery-item\">\n              <div class=\"u-back-slide\" data-image-width=\"900\" data-image-height=\"296\">\n                <img decoding=\"async\" class=\"u-back-image u-expanded\" src=\"https:\/\/caribmarine.com\/esp\/wp-content\/uploads\/2022\/04\/details01.jpg\">\n              <\/div>\n              <div class=\"u-over-slide u-shading u-over-slide-1\">\n                <h3 class=\"u-gallery-heading\"><\/h3>\n                <p class=\"u-gallery-text\"><\/p>\n              <\/div>\n            <\/div>\n            <div class=\"u-effect-fade u-gallery-item\">\n              <div class=\"u-back-slide\" data-image-width=\"900\" data-image-height=\"296\">\n                <img decoding=\"async\" class=\"u-back-image u-expanded\" src=\"https:\/\/caribmarine.com\/esp\/wp-content\/uploads\/2022\/04\/details02-1.png\">\n              <\/div>\n              <div class=\"u-over-slide u-shading u-over-slide-2\">\n                <h3 class=\"u-gallery-heading\"><\/h3>\n                <p class=\"u-gallery-text\"><\/p>\n              <\/div>\n            <\/div>\n          <\/div>\n        <\/div>\n      <\/div>\n    <\/section>\n    \n    \n    \n  \n<\/div>","protected":false},"excerpt":{"rendered":"<p>Excelente resistencia al ozono, a los rayos UV y a la resistencia al clima Resistencia al aceite, grasa y disolventes Resistencia a la abrasi\u00f3n&nbsp; Resistencia al impacto, corte, punci\u00f3n y otros tipos de abuso f\u00edsico&nbsp; Resistencia a la decoloraci\u00f3n&nbsp; Resistencia a las manchas y la suciedad Pennel Orca\u00ae 215 o 820 incorporado, material Hypalon de&#8230;<\/p>\n","protected":false},"author":3,"featured_media":0,"parent":0,"menu_order":0,"comment_status":"closed","ping_status":"closed","template":"","meta":{"footnotes":""},"class_list":["post-320","page","type-page","status-publish","hentry"],"_links":{"self":[{"href":"https:\/\/caribmarine.com\/esp\/index.php\/wp-json\/wp\/v2\/pages\/320","targetHints":{"allow":["GET"]}}],"collection":[{"href":"https:\/\/caribmarine.com\/esp\/index.php\/wp-json\/wp\/v2\/pages"}],"about":[{"href":"https:\/\/caribmarine.com\/esp\/index.php\/wp-json\/wp\/v2\/types\/page"}],"author":[{"embeddable":true,"href":"https:\/\/caribmarine.com\/esp\/index.php\/wp-json\/wp\/v2\/users\/3"}],"replies":[{"embeddable":true,"href":"https:\/\/caribmarine.com\/esp\/index.php\/wp-json\/wp\/v2\/comments?post=320"}],"version-history":[{"count":2,"href":"https:\/\/caribmarine.com\/esp\/index.php\/wp-json\/wp\/v2\/pages\/320\/revisions"}],"predecessor-version":[{"id":335,"href":"https:\/\/caribmarine.com\/esp\/index.php\/wp-json\/wp\/v2\/pages\/320\/revisions\/335"}],"wp:attachment":[{"href":"https:\/\/caribmarine.com\/esp\/index.php\/wp-json\/wp\/v2\/media?parent=320"}],"curies":[{"name":"wp","href":"https:\/\/api.w.org\/{rel}","templated":true}]}}