{"id":310,"date":"2022-04-20T20:09:31","date_gmt":"2022-04-20T20:09:31","guid":{"rendered":"https:\/\/caribmarine.com\/esp\/?page_id=310"},"modified":"2022-04-22T14:55:06","modified_gmt":"2022-04-22T14:55:06","slug":"descargas","status":"publish","type":"page","link":"https:\/\/caribmarine.com\/esp\/index.php\/descargas\/","title":{"rendered":"Descargas"},"content":{"rendered":"<div class=\"\" style=\"\" >\n    \n    <section class=\"u-clearfix u-section-2\" id=\"sec-f44a\">\n      <div class=\"u-clearfix u-sheet u-sheet-1\">\n        <img decoding=\"async\" class=\"u-image u-image-default u-preserve-proportions u-image-1\" src=\"https:\/\/caribmarine.com\/esp\/wp-content\/uploads\/2022\/04\/eng-flag-3-1-7.png\" alt=\"\" data-image-width=\"120\" data-image-height=\"72\" data-href=\"https:\/\/caribmarine.com\/\" title=\"Homepage\">\n        <img decoding=\"async\" class=\"u-image u-image-default u-preserve-proportions u-image-2\" src=\"https:\/\/caribmarine.com\/esp\/wp-content\/uploads\/2022\/04\/spa-flag-1-1-7.png\" alt=\"\" data-image-width=\"120\" data-image-height=\"72\" data-href=\"https:\/\/caribmarine.com\/esp\/\" title=\"Pagina Principal\">\n      <\/div>\n    <\/section>\n    <section class=\"u-clearfix u-section-3\" id=\"sec-ffb5\">\n      <div class=\"u-clearfix u-image u-sheet u-image-1\" data-image-width=\"1200\" data-image-height=\"600\" style=\"background-image: url(&quot;https:\/\/caribmarine.com\/esp\/wp-content\/uploads\/2022\/04\/lifestyle-header-02-1-1.jpg&quot;);\"><\/div>\n    <\/section>\n    <section class=\"u-clearfix u-grey-15 u-section-4\" id=\"sec-19cf\">\n      <div class=\"u-clearfix u-sheet u-sheet-1\">\n        <div class=\"u-clearfix u-gutter-26 u-layout-wrap u-layout-wrap-1\">\n          <div class=\"u-layout\">\n            <div class=\"u-layout-row\">\n              <div class=\"u-align-center u-container-style u-layout-cell u-size-20 u-white u-layout-cell-1\">\n                <div class=\"u-container-layout u-valign-bottom-md u-valign-bottom-sm u-valign-bottom-xs u-container-layout-1\">\n                  <img decoding=\"async\" class=\"u-file-link u-image u-image-default u-image-1\" src=\"https:\/\/caribmarine.com\/esp\/wp-content\/uploads\/2022\/04\/cover-brochure.png\" alt=\"\" data-image-width=\"300\" data-image-height=\"232\" data-href=\"https:\/\/caribmarine.com\/esp\/wp-content\/uploads\/2022\/04\/CaribMarineRIBBrochure2022SPA-1.pdf\" title=\"carib-marine-rib-brochure-2022-main\" data-target=\"_blank\">\n                  <p class=\"u-text u-text-1\"> Nuevo Folleto Hinchable 2022 con todos los \u00faltimos modelos. Haga clic a continuaci\u00f3n para descargar.<br>\n                  <\/p>\n                  <a href=\"https:\/\/caribmarine.com\/esp\/wp-content\/uploads\/2022\/04\/CaribMarineRIBBrochure2022SPA-1.pdf\" class=\"u-active-custom-color-3 u-border-none u-btn u-btn-round u-button-style u-custom-color-3 u-file-link u-hover-custom-color-3 u-radius-6 u-btn-1\"> Descargar folleto<br>\n                  <\/a>\n                <\/div>\n              <\/div>\n              <div class=\"u-container-style u-layout-cell u-size-20 u-white u-layout-cell-2\">\n                <div class=\"u-container-layout u-valign-bottom u-container-layout-2\">\n                  <img decoding=\"async\" class=\"u-file-link u-image u-image-default u-image-2\" src=\"https:\/\/caribmarine.com\/esp\/wp-content\/uploads\/2022\/04\/cover-brochure-solar-1.png\" alt=\"\" data-image-width=\"242\" data-image-height=\"500\" data-href=\"https:\/\/caribmarine.com\/esp\/wp-content\/uploads\/2022\/04\/CaribMarineSOLARPANELSBrochure2022SPA.pdf\" title=\"carib-marine-solar-panels-2020\" data-target=\"_blank\">\n                  <p class=\"u-text u-text-2\"> Para m\u00e1s informaci\u00f3n sobre nuestros paneles solares. Haga clic a continuaci\u00f3n para descargar.<\/p>\n                  <a href=\"https:\/\/caribmarine.com\/esp\/wp-content\/uploads\/2022\/04\/CaribMarineSOLARPANELSBrochure2022SPA.pdf\" class=\"u-active-custom-color-3 u-border-none u-btn u-btn-round u-button-style u-custom-color-3 u-file-link u-hover-custom-color-3 u-radius-6 u-btn-2\" target=\"_blank\"> Descargar folleto<br>\n                  <\/a>\n                <\/div>\n              <\/div>\n              <div class=\"u-container-style u-layout-cell u-size-20 u-white u-layout-cell-3\">\n                <div class=\"u-container-layout u-valign-bottom u-container-layout-3\">\n                  <img decoding=\"async\" class=\"u-file-link u-image u-image-default u-image-3\" src=\"https:\/\/caribmarine.com\/esp\/wp-content\/uploads\/2022\/04\/cover-brochure-controlers.png\" alt=\"\" data-image-width=\"462\" data-image-height=\"600\" data-href=\"https:\/\/caribmarine.com\/esp\/wp-content\/uploads\/2022\/04\/CaribMarineSOLARCONTROLLERSBrochure2022SPA.pdf\" title=\"carib-marine-mppt-controllers-2020\" data-target=\"_blank\">\n                  <p class=\"u-text u-text-3\"> Todas las especificaciones de los controladores solares se pueden encontrar aqu\u00ed. Haga clic a continuaci\u00f3n para descargar.<\/p>\n                  <a href=\"https:\/\/caribmarine.com\/esp\/wp-content\/uploads\/2022\/04\/CaribMarineSOLARCONTROLLERSBrochure2022SPA.pdf\" class=\"u-active-custom-color-3 u-border-none u-btn u-btn-round u-button-style u-custom-color-3 u-file-link u-hover-custom-color-3 u-radius-6 u-btn-3\" target=\"_blank\"> Descargar folleto<br>\n                  <\/a>\n                <\/div>\n              <\/div>\n            <\/div>\n          <\/div>\n        <\/div>\n      <\/div>\n    <\/section>\n    \n    \n    \n  \n<\/div>","protected":false},"excerpt":{"rendered":"<p>Nuevo Folleto Hinchable 2022 con todos los \u00faltimos modelos. Haga clic a continuaci\u00f3n para descargar. Descargar folleto Para m\u00e1s informaci\u00f3n sobre nuestros paneles solares. Haga clic a continuaci\u00f3n para descargar. Descargar folleto Todas las especificaciones de los controladores solares se pueden encontrar aqu\u00ed. Haga clic a continuaci\u00f3n para descargar. Descargar folleto<\/p>\n","protected":false},"author":3,"featured_media":0,"parent":0,"menu_order":0,"comment_status":"closed","ping_status":"closed","template":"","meta":{"footnotes":""},"class_list":["post-310","page","type-page","status-publish","hentry"],"_links":{"self":[{"href":"https:\/\/caribmarine.com\/esp\/index.php\/wp-json\/wp\/v2\/pages\/310","targetHints":{"allow":["GET"]}}],"collection":[{"href":"https:\/\/caribmarine.com\/esp\/index.php\/wp-json\/wp\/v2\/pages"}],"about":[{"href":"https:\/\/caribmarine.com\/esp\/index.php\/wp-json\/wp\/v2\/types\/page"}],"author":[{"embeddable":true,"href":"https:\/\/caribmarine.com\/esp\/index.php\/wp-json\/wp\/v2\/users\/3"}],"replies":[{"embeddable":true,"href":"https:\/\/caribmarine.com\/esp\/index.php\/wp-json\/wp\/v2\/comments?post=310"}],"version-history":[{"count":2,"href":"https:\/\/caribmarine.com\/esp\/index.php\/wp-json\/wp\/v2\/pages\/310\/revisions"}],"predecessor-version":[{"id":319,"href":"https:\/\/caribmarine.com\/esp\/index.php\/wp-json\/wp\/v2\/pages\/310\/revisions\/319"}],"wp:attachment":[{"href":"https:\/\/caribmarine.com\/esp\/index.php\/wp-json\/wp\/v2\/media?parent=310"}],"curies":[{"name":"wp","href":"https:\/\/api.w.org\/{rel}","templated":true}]}}